{"id":690,"date":"2016-07-19T13:14:19","date_gmt":"2016-07-19T16:14:19","guid":{"rendered":"http:\/\/danielajardim.com\/designer_freelancer\/?page_id=690"},"modified":"2018-10-01T15:16:37","modified_gmt":"2018-10-01T18:16:37","slug":"designer-grafico-diagramador-web-designer-freelancer","status":"publish","type":"page","link":"https:\/\/danielajardim.com\/designer_freelancer\/","title":{"rendered":"Designer Gr\u00e1fico, Diagramador e Web Designer Freelancer"},"content":{"rendered":"<div id=\"dslc-theme-content\"><div id=\"dslc-theme-content-inner\"><div id=\"dslc-content\" class=\"dslc-content dslc-clearfix\">\n<div id=\"dslc-main\">\n<div  class=\"dslc-modules-section \" style=\"padding-bottom:0px;padding-top:0px;\" data-section-id=\"\">\n<div class=\"dslc-modules-section-wrapper dslc-clearfix\">\n<style type=\"text\/css\" id=\"dslca-modules-area-\"><\/style>\n<div  class=\"dslc-modules-area dslc-col dslc-12-col dslc-last-col\" data-size=\"12\" data-valign=\"\" data-modules-area-id=\"\" >\n<div id=\"dslc-module-36\" class=\"dslc-module-front dslc-module-DSLC_Html dslc-in-viewport-check dslc-in-viewport-anim-none  dslc-col dslc-12-col  dslc-module-handle-like-regular \" data-module-id=\"36\" data-module=\"DSLC_Html\" data-dslc-module-size=\"12\" data-dslc-anim=\"none\" data-dslc-anim-delay=\"0\" data-dslc-anim-duration=\"650\"  data-dslc-anim-easing=\"ease\" data-dslc-preset=\"none\" >\n<div class=\"dslc-html-module-content\">\n<div class=\"row\"> <div class=\"col-md-8\">\n<h1 style=\"line-height: 50px; padding-bottom: 30px;\"><em>Freelancers h\u00e1 mais de 25 anos, somos especializados em <a title=\"Design Editorial e Diagrama\u00e7\u00e3o\" href=\"http:\/\/danielajardim.com\/designer_freelancer\/portfolio\/diagramacao-revistas-jornais-design-grafico\/\">design editorial e diagrama\u00e7\u00e3o<\/a> para impress\u00e3o e internet.<\/em><\/h1>\n<p><a href=\"http:\/\/danielajardim.com\/designer_freelancer\/experiencia-profissional-web-design-grafico\/\"><img loading=\"lazy\" decoding=\"async\" class=\"aligncenter wp-image-1075 size-full\" src=\"http:\/\/danielajardim.com\/designer_freelancer\/wp-content\/uploads\/2018\/02\/hp_daniela_jardim_e_rene_bueno_designer_grafico_freelancer_diagramador.jpg\" alt=\"Daniela Jardim & Rene Bueno | Designer Gr\u00e1fico, Diagramador e Web Designer Freelancer\" title=\"Daniela Jardim & Rene Bueno | Designers Gr\u00e1ficos, Diagramadores e Web Designers Freelancers\" width=\"949\" height=\"250\" \/><\/a><\/p>\n<h3 style=\"font-size: 27px!important;\"><em>Somos guiados pelos lemas da gentileza, honestidade, respeito, comprometimento e parceria. <\/em><em>Seja bem-vindo(a) ao nosso <a title=\"Conhe\u00e7a o nosso portf\u00f3lio\" href=\"http:\/\/danielajardim.com\/designer_freelancer\/portfolio_web_design_grafico\/\">portf\u00f3lio<\/a>! <\/em><em><a title=\"Clique aqui e nos fale o que voc\u00ea precisa!\" href=\"http:\/\/danielajardim.com\/designer_freelancer\/contratar_web_design_grafico\/\">Clique aqui e nos fale o que voc\u00ea precisa!<\/a> <\/em><\/h3>\n<\/div><div class=\"col-md-4\">\n<p><a title=\"Leia + de 40 depoimentos de clientes!\" href=\"http:\/\/danielajardim.com\/designer_freelancer\/depoimentos-web-design-grafico\/\"><img loading=\"lazy\" decoding=\"async\" class=\"aligncenter wp-image-1076 size-full\" src=\"http:\/\/danielajardim.com\/designer_freelancer\/wp-content\/uploads\/2018\/01\/aspas_depoimentos_clientes_designer_grafico_freelancer.gif\" alt=\"Depoimentos de Clientes\" width=\"92\" height=\"92\" \/><\/a><\/p>\n<h4 style=\"padding-left: 40px; font-size: 23px!important; line-height: 35px;\"><em>A Daniela e o Rene s\u00e3o \u00f3timos profissionais, pois sempre nos atende com muita simpatia, organiza\u00e7\u00e3o e cumprem os prazos solicitados, apresentando projetos inovadores e explicando detalhes da cria\u00e7\u00e3o... Parab\u00e9ns pelo trabalho e obrigada!!<\/em><\/h4>\n<p style=\"padding-left: 40px; font-size: 15px;\"><strong>GISLAINE CARVALHO<\/strong><br \/>\n Funda\u00e7\u00e3o Abrinq<\/p>\n<p style=\"padding-left: 40px; font-size: 25px;\"><em><strong><a title=\"Leia + de 40 depoimentos de clientes!\" href=\"http:\/\/danielajardim.com\/designer_freelancer\/depoimentos-web-design-grafico\/\">Leia + de 40 depoimentos!<\/a><\/strong><\/em><\/p>\n<\/div><\/div>\n<\/div><\/div>\n<p><!-- .dslc-module -->\n\t\t<\/div>\n<\/p><\/div>\n<\/div><\/div>\n<\/div>\n<\/div><\/div>","protected":false},"excerpt":{"rendered":"","protected":false},"author":2,"featured_media":0,"parent":0,"menu_order":0,"comment_status":"closed","ping_status":"closed","template":"page-fullwidth.php","meta":{"_monsterinsights_skip_tracking":false,"_monsterinsights_sitenote_active":false,"_monsterinsights_sitenote_note":"","_monsterinsights_sitenote_category":0,"footnotes":""},"class_list":["post-690","page","type-page","status-publish","hentry"],"yoast_head":"<!-- This site is optimized with the Yoast SEO plugin v27.2 - https:\/\/yoast.com\/product\/yoast-seo-wordpress\/ -->\n<title>Diagramador, Designer Editorial e Gr\u00e1fico Freelancer | Daniela &amp; Rene<\/title>\n<meta name=\"description\" content=\"H\u00e1 + de 25 anos trabalhando como designers gr\u00e1ficos, diagramadores e web designers freelancers. Conhe\u00e7a nosso portf\u00f3lio e veja o que os clientes comentam.\" \/>\n<meta name=\"robots\" content=\"index, follow, max-snippet:-1, max-image-preview:large, max-video-preview:-1\" \/>\n<link rel=\"canonical\" href=\"https:\/\/danielajardim.com\/designer_freelancer\/\" \/>\n<meta property=\"og:locale\" content=\"pt_BR\" \/>\n<meta property=\"og:type\" content=\"article\" \/>\n<meta property=\"og:title\" content=\"Diagramador, Designer Editorial e Gr\u00e1fico Freelancer | Daniela &amp; Rene\" \/>\n<meta property=\"og:description\" content=\"H\u00e1 + de 25 anos trabalhando como designers gr\u00e1ficos, diagramadores e web designers freelancers. Conhe\u00e7a nosso portf\u00f3lio e veja o que os clientes comentam.\" \/>\n<meta property=\"og:url\" content=\"https:\/\/danielajardim.com\/designer_freelancer\/\" \/>\n<meta property=\"og:site_name\" content=\"Daniela Jardim &amp; Rene Bueno\" \/>\n<meta property=\"article:modified_time\" content=\"2018-10-01T18:16:37+00:00\" \/>\n<meta property=\"og:image\" content=\"https:\/\/danielajardim.com\/designer_freelancer\/wp-content\/uploads\/2018\/01\/daniela_jardim_e_rene_bueno_designer_grafico_freelancer_diagramador.jpg\" \/>\n\t<meta property=\"og:image:width\" content=\"948\" \/>\n\t<meta property=\"og:image:height\" content=\"248\" \/>\n\t<meta property=\"og:image:type\" content=\"image\/jpeg\" \/>\n<meta name=\"twitter:card\" content=\"summary_large_image\" \/>\n<script type=\"application\/ld+json\" class=\"yoast-schema-graph\">{\"@context\":\"https:\/\/schema.org\",\"@graph\":[{\"@type\":\"WebPage\",\"@id\":\"https:\/\/danielajardim.com\/designer_freelancer\/\",\"url\":\"https:\/\/danielajardim.com\/designer_freelancer\/\",\"name\":\"Diagramador, Designer Editorial e Gr\u00e1fico Freelancer | Daniela & Rene\",\"isPartOf\":{\"@id\":\"https:\/\/danielajardim.com\/designer_freelancer\/#website\"},\"primaryImageOfPage\":{\"@id\":\"https:\/\/danielajardim.com\/designer_freelancer\/#primaryimage\"},\"image\":{\"@id\":\"https:\/\/danielajardim.com\/designer_freelancer\/#primaryimage\"},\"thumbnailUrl\":\"http:\/\/danielajardim.com\/designer_freelancer\/wp-content\/uploads\/2018\/02\/hp_daniela_jardim_e_rene_bueno_designer_grafico_freelancer_diagramador.jpg\",\"datePublished\":\"2016-07-19T16:14:19+00:00\",\"dateModified\":\"2018-10-01T18:16:37+00:00\",\"description\":\"H\u00e1 + de 25 anos trabalhando como designers gr\u00e1ficos, diagramadores e web designers freelancers. Conhe\u00e7a nosso portf\u00f3lio e veja o que os clientes comentam.\",\"breadcrumb\":{\"@id\":\"https:\/\/danielajardim.com\/designer_freelancer\/#breadcrumb\"},\"inLanguage\":\"pt-BR\",\"potentialAction\":[{\"@type\":\"ReadAction\",\"target\":[\"https:\/\/danielajardim.com\/designer_freelancer\/\"]}]},{\"@type\":\"ImageObject\",\"inLanguage\":\"pt-BR\",\"@id\":\"https:\/\/danielajardim.com\/designer_freelancer\/#primaryimage\",\"url\":\"http:\/\/danielajardim.com\/designer_freelancer\/wp-content\/uploads\/2018\/02\/hp_daniela_jardim_e_rene_bueno_designer_grafico_freelancer_diagramador.jpg\",\"contentUrl\":\"http:\/\/danielajardim.com\/designer_freelancer\/wp-content\/uploads\/2018\/02\/hp_daniela_jardim_e_rene_bueno_designer_grafico_freelancer_diagramador.jpg\"},{\"@type\":\"BreadcrumbList\",\"@id\":\"https:\/\/danielajardim.com\/designer_freelancer\/#breadcrumb\",\"itemListElement\":[{\"@type\":\"ListItem\",\"position\":1,\"name\":\"Home\",\"item\":\"https:\/\/danielajardim.com\/designer_freelancer\/\"},{\"@type\":\"ListItem\",\"position\":2,\"name\":\"Designer Gr\u00e1fico, Diagramador e Web Designer Freelancer\"}]},{\"@type\":\"WebSite\",\"@id\":\"https:\/\/danielajardim.com\/designer_freelancer\/#website\",\"url\":\"https:\/\/danielajardim.com\/designer_freelancer\/\",\"name\":\"Daniela Jardim &amp; Rene Bueno\",\"description\":\"Design Gr\u00e1fico e Diagrama\u00e7\u00e3o Freelancer\",\"potentialAction\":[{\"@type\":\"SearchAction\",\"target\":{\"@type\":\"EntryPoint\",\"urlTemplate\":\"https:\/\/danielajardim.com\/designer_freelancer\/?s={search_term_string}\"},\"query-input\":{\"@type\":\"PropertyValueSpecification\",\"valueRequired\":true,\"valueName\":\"search_term_string\"}}],\"inLanguage\":\"pt-BR\"}]}<\/script>\n<!-- \/ Yoast SEO plugin. -->","yoast_head_json":{"title":"Diagramador, Designer Editorial e Gr\u00e1fico Freelancer | Daniela & Rene","description":"H\u00e1 + de 25 anos trabalhando como designers gr\u00e1ficos, diagramadores e web designers freelancers. Conhe\u00e7a nosso portf\u00f3lio e veja o que os clientes comentam.","robots":{"index":"index","follow":"follow","max-snippet":"max-snippet:-1","max-image-preview":"max-image-preview:large","max-video-preview":"max-video-preview:-1"},"canonical":"https:\/\/danielajardim.com\/designer_freelancer\/","og_locale":"pt_BR","og_type":"article","og_title":"Diagramador, Designer Editorial e Gr\u00e1fico Freelancer | Daniela & Rene","og_description":"H\u00e1 + de 25 anos trabalhando como designers gr\u00e1ficos, diagramadores e web designers freelancers. Conhe\u00e7a nosso portf\u00f3lio e veja o que os clientes comentam.","og_url":"https:\/\/danielajardim.com\/designer_freelancer\/","og_site_name":"Daniela Jardim &amp; Rene Bueno","article_modified_time":"2018-10-01T18:16:37+00:00","og_image":[{"width":948,"height":248,"url":"https:\/\/danielajardim.com\/designer_freelancer\/wp-content\/uploads\/2018\/01\/daniela_jardim_e_rene_bueno_designer_grafico_freelancer_diagramador.jpg","type":"image\/jpeg"}],"twitter_card":"summary_large_image","schema":{"@context":"https:\/\/schema.org","@graph":[{"@type":"WebPage","@id":"https:\/\/danielajardim.com\/designer_freelancer\/","url":"https:\/\/danielajardim.com\/designer_freelancer\/","name":"Diagramador, Designer Editorial e Gr\u00e1fico Freelancer | Daniela & Rene","isPartOf":{"@id":"https:\/\/danielajardim.com\/designer_freelancer\/#website"},"primaryImageOfPage":{"@id":"https:\/\/danielajardim.com\/designer_freelancer\/#primaryimage"},"image":{"@id":"https:\/\/danielajardim.com\/designer_freelancer\/#primaryimage"},"thumbnailUrl":"http:\/\/danielajardim.com\/designer_freelancer\/wp-content\/uploads\/2018\/02\/hp_daniela_jardim_e_rene_bueno_designer_grafico_freelancer_diagramador.jpg","datePublished":"2016-07-19T16:14:19+00:00","dateModified":"2018-10-01T18:16:37+00:00","description":"H\u00e1 + de 25 anos trabalhando como designers gr\u00e1ficos, diagramadores e web designers freelancers. Conhe\u00e7a nosso portf\u00f3lio e veja o que os clientes comentam.","breadcrumb":{"@id":"https:\/\/danielajardim.com\/designer_freelancer\/#breadcrumb"},"inLanguage":"pt-BR","potentialAction":[{"@type":"ReadAction","target":["https:\/\/danielajardim.com\/designer_freelancer\/"]}]},{"@type":"ImageObject","inLanguage":"pt-BR","@id":"https:\/\/danielajardim.com\/designer_freelancer\/#primaryimage","url":"http:\/\/danielajardim.com\/designer_freelancer\/wp-content\/uploads\/2018\/02\/hp_daniela_jardim_e_rene_bueno_designer_grafico_freelancer_diagramador.jpg","contentUrl":"http:\/\/danielajardim.com\/designer_freelancer\/wp-content\/uploads\/2018\/02\/hp_daniela_jardim_e_rene_bueno_designer_grafico_freelancer_diagramador.jpg"},{"@type":"BreadcrumbList","@id":"https:\/\/danielajardim.com\/designer_freelancer\/#breadcrumb","itemListElement":[{"@type":"ListItem","position":1,"name":"Home","item":"https:\/\/danielajardim.com\/designer_freelancer\/"},{"@type":"ListItem","position":2,"name":"Designer Gr\u00e1fico, Diagramador e Web Designer Freelancer"}]},{"@type":"WebSite","@id":"https:\/\/danielajardim.com\/designer_freelancer\/#website","url":"https:\/\/danielajardim.com\/designer_freelancer\/","name":"Daniela Jardim &amp; Rene Bueno","description":"Design Gr\u00e1fico e Diagrama\u00e7\u00e3o Freelancer","potentialAction":[{"@type":"SearchAction","target":{"@type":"EntryPoint","urlTemplate":"https:\/\/danielajardim.com\/designer_freelancer\/?s={search_term_string}"},"query-input":{"@type":"PropertyValueSpecification","valueRequired":true,"valueName":"search_term_string"}}],"inLanguage":"pt-BR"}]}},"_links":{"self":[{"href":"https:\/\/danielajardim.com\/designer_freelancer\/wp-json\/wp\/v2\/pages\/690","targetHints":{"allow":["GET"]}}],"collection":[{"href":"https:\/\/danielajardim.com\/designer_freelancer\/wp-json\/wp\/v2\/pages"}],"about":[{"href":"https:\/\/danielajardim.com\/designer_freelancer\/wp-json\/wp\/v2\/types\/page"}],"author":[{"embeddable":true,"href":"https:\/\/danielajardim.com\/designer_freelancer\/wp-json\/wp\/v2\/users\/2"}],"replies":[{"embeddable":true,"href":"https:\/\/danielajardim.com\/designer_freelancer\/wp-json\/wp\/v2\/comments?post=690"}],"version-history":[{"count":4,"href":"https:\/\/danielajardim.com\/designer_freelancer\/wp-json\/wp\/v2\/pages\/690\/revisions"}],"predecessor-version":[{"id":1146,"href":"https:\/\/danielajardim.com\/designer_freelancer\/wp-json\/wp\/v2\/pages\/690\/revisions\/1146"}],"wp:attachment":[{"href":"https:\/\/danielajardim.com\/designer_freelancer\/wp-json\/wp\/v2\/media?parent=690"}],"curies":[{"name":"wp","href":"https:\/\/api.w.org\/{rel}","templated":true}]}}