{"id":2,"date":"2016-02-24T18:28:57","date_gmt":"2016-02-24T18:28:57","guid":{"rendered":"http:\/\/danielajardim.com\/designer_freelancer\/?page_id=2"},"modified":"2025-06-15T17:09:23","modified_gmt":"2025-06-15T20:09:23","slug":"portfolio_web_design_grafico","status":"publish","type":"page","link":"https:\/\/danielajardim.com\/designer_freelancer\/portfolio_web_design_grafico\/","title":{"rendered":"Portf\u00f3lio de Design Gr\u00e1fico, Design Editorial e Diagrama\u00e7\u00e3o"},"content":{"rendered":"<div id=\"dslc-theme-content\"><div id=\"dslc-theme-content-inner\"><div id=\"dslc-content\" class=\"dslc-content dslc-clearfix\">\n<div id=\"dslc-main\">\n<div  class=\"dslc-modules-section \" style=\"margin-left:%;margin-right:%;padding-bottom:20px;padding-top:20px;padding-left:%;padding-right:%;border-width:px;border-top-style: hidden; border-right-style: hidden; border-bottom-style: hidden; border-left-style: hidden; \" data-section-id=\"\">\n<div class=\"dslc-modules-section-wrapper dslc-clearfix\">\n<style type=\"text\/css\" id=\"dslca-modules-area-\"><\/style>\n<div  class=\"dslc-modules-area dslc-col dslc-12-col dslc-last-col\" data-size=\"12\" data-valign=\"\" data-modules-area-id=\"\" >\n<div id=\"dslc-module-37\" class=\"dslc-module-front dslc-module-DSLC_Html dslc-in-viewport-check dslc-in-viewport-anim-none  dslc-col dslc-12-col  dslc-module-handle-like-regular \" data-module-id=\"37\" data-module=\"DSLC_Html\" data-dslc-module-size=\"12\" data-dslc-anim=\"none\" data-dslc-anim-delay=\"0\" data-dslc-anim-duration=\"650\"  data-dslc-anim-easing=\"ease\" data-dslc-preset=\"none\" >\n<div class=\"dslc-html-module-content\">\n<div class=\"row\"> <div class=\"col-md-4\">\n<h1 style=\"line-height: 50px; padding-bottom: 30px;\"><em>Experi\u00eancia, comprometimento com prazos e parceria. <\/em><\/h1>\n<\/div><div class=\"col-md-8\">\n<p>Somos um casal de designers gr\u00e1ficos e diagramadores independentes. Trabalhando juntos <b>h\u00e1 mais de 20 anos<\/b>, complementamos o trabalho um do outro, cada um com suas especialidades.<\/p>\n<p> Acreditamos que essa soma de experi\u00eancias aliada \u00e0s ideias e informa\u00e7\u00f5es do cliente, gera uma parceria enriquecedora, e assim, conseguimos desenvolver projetos criativos, com \u00f3timo custo-benef\u00edcio e que atingem o objetivo desejado.<\/p>\n<p>Conhe\u00e7a o nosso portf\u00f3lio abaixo e a <a title=\"Leia + de 40 depoimentos de clientes!\" href=\"http:\/\/danielajardim.com\/designer_freelancer\/depoimentos-web-design-grafico\/\">opini\u00e3o de nossos clientes!<\/a><\/p>\n<\/div><\/div>\n<\/div><\/div>\n<p><!-- .dslc-module --><\/p>\n<div id=\"dslc-module-14\" class=\"dslc-module-front dslc-module-DSLC_Projects dslc-in-viewport-check dslc-in-viewport-anim-none  dslc-col dslc-12-col  dslc-module-handle-like-regular \" data-module-id=\"14\" data-module=\"DSLC_Projects\" data-dslc-module-size=\"12\" data-dslc-anim=\"none\" data-dslc-anim-delay=\"0\" data-dslc-anim-duration=\"650\"  data-dslc-anim-easing=\"ease\" data-dslc-preset=\"none\" >\n<div class=\"dslc-posts dslc-projects dslc-clearfix dslc-posts-orientation-vertical dslc-init-grid \">\r\n\r\n\t\t\t\r\n\t\t<div class=\"dslc-posts-inner\">\r\n\t<div class=\"dslc-post dslc-project dslc-col dslc-3-col  dslc-first-col\" data-cats=\"\">\r\n\r\n\t\r\n\t\t\r\n\t\t\t<div class=\"dslc-post-thumb dslc-project-thumb dslc-on-hover-anim\">\r\n\t\t\t\t<div class=\"dslc-project-thumb-inner dslca-post-thumb\">\r\n\t\t\t\t\t\r\n\t\t\t\t\t\t\t\t\t\t\t<a href=\"http:\/\/danielajardim.com\/designer_freelancer\/portfolio\/diagramacao-revistas-jornais-design-grafico\/\" class=\"\" target=\"_self\"><img loading=\"lazy\" decoding=\"async\" width=\"274\" height=\"274\" src=\"https:\/\/danielajardim.com\/designer_freelancer\/wp-content\/uploads\/2016\/07\/diagramacao_editoracao_revista_relatorio_design_grafico-1.jpg\" class=\"attachment-full size-full wp-post-image\" alt=\"\" title=\"Design editorial: cria\u00e7\u00e3o do projeto gr\u00e1fico, diagrama\u00e7\u00e3o e editora\u00e7\u00e3o eletr\u00f4nica\" srcset=\"https:\/\/danielajardim.com\/designer_freelancer\/wp-content\/uploads\/2016\/07\/diagramacao_editoracao_revista_relatorio_design_grafico-1.jpg 274w, https:\/\/danielajardim.com\/designer_freelancer\/wp-content\/uploads\/2016\/07\/diagramacao_editoracao_revista_relatorio_design_grafico-1-150x150.jpg 150w\" sizes=\"auto, (max-width: 274px) 100vw, 274px\" \/><\/a>\r\n\t\t\t\t\t\t\t\t\t<\/div><!-- .dslc-project-thumb-inner -->\r\n\r\n\t\t\t\t\r\n\t\t\t<\/div><!-- .dslc-project-thumb -->\r\n\r\n\t\t\r\n\t\r\n\t\r\n<\/div><!-- .dslc-project -->\r\n\r\n\r\n\t<div class=\"dslc-post dslc-project dslc-col dslc-3-col \" data-cats=\"\">\r\n\r\n\t\r\n\t\t\r\n\t\t\t<div class=\"dslc-post-thumb dslc-project-thumb dslc-on-hover-anim\">\r\n\t\t\t\t<div class=\"dslc-project-thumb-inner dslca-post-thumb\">\r\n\t\t\t\t\t\r\n\t\t\t\t\t\t\t\t\t\t\t<a href=\"http:\/\/danielajardim.com\/designer_freelancer\/portfolio\/capas-design-grafico\/\" class=\"\" target=\"_self\"><img loading=\"lazy\" decoding=\"async\" width=\"274\" height=\"274\" src=\"https:\/\/danielajardim.com\/designer_freelancer\/wp-content\/uploads\/2016\/07\/capa_de_livro_capista_design_grafico-1.jpg\" class=\"attachment-full size-full wp-post-image\" alt=\"\" title=\"Design editorial: capa de livro\" srcset=\"https:\/\/danielajardim.com\/designer_freelancer\/wp-content\/uploads\/2016\/07\/capa_de_livro_capista_design_grafico-1.jpg 274w, https:\/\/danielajardim.com\/designer_freelancer\/wp-content\/uploads\/2016\/07\/capa_de_livro_capista_design_grafico-1-150x150.jpg 150w\" sizes=\"auto, (max-width: 274px) 100vw, 274px\" \/><\/a>\r\n\t\t\t\t\t\t\t\t\t<\/div><!-- .dslc-project-thumb-inner -->\r\n\r\n\t\t\t\t\r\n\t\t\t<\/div><!-- .dslc-project-thumb -->\r\n\r\n\t\t\r\n\t\r\n\t\r\n<\/div><!-- .dslc-project -->\r\n\r\n\r\n\t<div class=\"dslc-post dslc-project dslc-col dslc-3-col \" data-cats=\"\">\r\n\r\n\t\r\n\t\t\r\n\t\t\t<div class=\"dslc-post-thumb dslc-project-thumb dslc-on-hover-anim\">\r\n\t\t\t\t<div class=\"dslc-project-thumb-inner dslca-post-thumb\">\r\n\t\t\t\t\t\r\n\t\t\t\t\t\t\t\t\t\t\t<a href=\"http:\/\/danielajardim.com\/designer_freelancer\/portfolio\/outdoors-cartazes-banners-design-grafico\/\" class=\"\" target=\"_self\"><img loading=\"lazy\" decoding=\"async\" width=\"274\" height=\"274\" src=\"https:\/\/danielajardim.com\/designer_freelancer\/wp-content\/uploads\/2016\/07\/banners_eventos_outdoor_cartaz_design_grafico-1.jpg\" class=\"attachment-full size-full wp-post-image\" alt=\"\" title=\"Banner, painel e faixa para eventos, cartaz\" srcset=\"https:\/\/danielajardim.com\/designer_freelancer\/wp-content\/uploads\/2016\/07\/banners_eventos_outdoor_cartaz_design_grafico-1.jpg 274w, https:\/\/danielajardim.com\/designer_freelancer\/wp-content\/uploads\/2016\/07\/banners_eventos_outdoor_cartaz_design_grafico-1-150x150.jpg 150w\" sizes=\"auto, (max-width: 274px) 100vw, 274px\" \/><\/a>\r\n\t\t\t\t\t\t\t\t\t<\/div><!-- .dslc-project-thumb-inner -->\r\n\r\n\t\t\t\t\r\n\t\t\t<\/div><!-- .dslc-project-thumb -->\r\n\r\n\t\t\r\n\t\r\n\t\r\n<\/div><!-- .dslc-project -->\r\n\r\n\r\n\t<div class=\"dslc-post dslc-project dslc-col dslc-3-col  dslc-last-col\" data-cats=\"\">\r\n\r\n\t\r\n\t\t\r\n\t\t\t<div class=\"dslc-post-thumb dslc-project-thumb dslc-on-hover-anim\">\r\n\t\t\t\t<div class=\"dslc-project-thumb-inner dslca-post-thumb\">\r\n\t\t\t\t\t\r\n\t\t\t\t\t\t\t\t\t\t\t<a href=\"http:\/\/danielajardim.com\/designer_freelancer\/portfolio\/folders-folhetos-e-anuncios-design-grafico\/\" class=\"\" target=\"_self\"><img loading=\"lazy\" decoding=\"async\" width=\"274\" height=\"274\" src=\"https:\/\/danielajardim.com\/designer_freelancer\/wp-content\/uploads\/2020\/05\/folheto_folder.jpg\" class=\"attachment-full size-full wp-post-image\" alt=\"Cria\u00e7\u00e3o de folder, folheto, panfleto, flyer e an\u00fancio\" title=\"Cria\u00e7\u00e3o de folder, folheto, panfleto, flyer e an\u00fancio\" srcset=\"https:\/\/danielajardim.com\/designer_freelancer\/wp-content\/uploads\/2020\/05\/folheto_folder.jpg 274w, https:\/\/danielajardim.com\/designer_freelancer\/wp-content\/uploads\/2020\/05\/folheto_folder-150x150.jpg 150w\" sizes=\"auto, (max-width: 274px) 100vw, 274px\" \/><\/a>\r\n\t\t\t\t\t\t\t\t\t<\/div><!-- .dslc-project-thumb-inner -->\r\n\r\n\t\t\t\t\r\n\t\t\t<\/div><!-- .dslc-project-thumb -->\r\n\r\n\t\t\r\n\t\r\n\t\r\n<\/div><!-- .dslc-project -->\r\n\r\n<div class=\"dslc-post-separator\"><\/div>\t\t\t<\/div><!-- .dslc-posts-inner -->\r\n\r\n\t\t\t\r\n\t\t\t<\/div><!-- .dslc-projects -->\r\n\r\n\t\t<\/div>\n<p><!-- .dslc-module -->\n\t\t<\/div>\n<\/p><\/div>\n<\/div>\n<div  class=\"dslc-modules-section \" style=\"padding-bottom:30px;padding-top:30px;\" data-section-id=\"\">\n<div class=\"dslc-modules-section-wrapper dslc-clearfix\">\n<style type=\"text\/css\" id=\"dslca-modules-area-\"><\/style>\n<div  class=\"dslc-modules-area dslc-col dslc-12-col dslc-last-col\" data-size=\"12\" data-valign=\"\" data-modules-area-id=\"\" >\n<div id=\"dslc-module-31\" class=\"dslc-module-front dslc-module-DSLC_Text_Simple dslc-in-viewport-check dslc-in-viewport-anim-none  dslc-col dslc-12-col  dslc-module-handle-like-regular \" data-module-id=\"31\" data-module=\"DSLC_Text_Simple\" data-dslc-module-size=\"12\" data-dslc-anim=\"none\" data-dslc-anim-delay=\"0\" data-dslc-anim-duration=\"650\"  data-dslc-anim-easing=\"ease\" data-dslc-preset=\"none\" >\n<div class=\"dslc-text-module-content\">\n<h2>Conhe\u00e7a abaixo, outros projetos de<strong> design gr\u00e1fico, diagrama\u00e7\u00e3o e web design<\/strong>:<\/h2>\n<p>&nbsp;<\/p>\n<p><strong>Design Gr\u00e1fico<\/strong><\/p>\n<ul>\n<li><a href=\"http:\/\/danielajardim.com\/designer_freelancer\/portfolio\/diagramacao-revistas-jornais-design-grafico\/\" data-mce-href=\"..\/portfolio\/diagramacao-revistas-jornais-design-grafico\/\">Design Editorial: cria\u00e7\u00e3o do projeto gr\u00e1fico e diagrama\u00e7\u00e3o de relat\u00f3rio anual, relat\u00f3rio de sustentabilidade (GRI), cartilha, revista e outras publica\u00e7\u00f5es<\/a><br data-mce-bogus=\"1\"><\/li>\n<li><a href=\"http:\/\/danielajardim.com\/designer_freelancer\/portfolio\/folders-folhetos-e-anuncios-design-grafico\/\" data-mce-href=\"..\/portfolio\/folders-folhetos-e-anuncios-design-grafico\/\">Folder, folheto, panfleto e an\u00fancio<\/a><br data-mce-bogus=\"1\"><\/li>\n<li><a href=\"http:\/\/danielajardim.com\/designer_freelancer\/portfolio\/logotipo-design-grafico\/\" data-mce-href=\"..\/portfolio\/logotipo-design-grafico\/\">Cria\u00e7\u00e3o de logotipo e identidade visual<\/a><br data-mce-bogus=\"1\"><\/li>\n<li><a href=\"http:\/\/danielajardim.com\/designer_freelancer\/portfolio\/capas-design-grafico\/\" data-mce-href=\"..\/portfolio\/capas-design-grafico\/\">Capa de livro<\/a><br data-mce-bogus=\"1\"><\/li>\n<li><a href=\"http:\/\/danielajardim.com\/designer_freelancer\/portfolio\/outdoors-cartazes-banners-design-grafico\/\" data-mce-href=\"..\/portfolio\/outdoors-cartazes-banners-design-grafico\/\">Banner para impress\u00e3o, cartaz e outdoor<\/a><\/li>\n<\/ul>\n<p>&nbsp;<\/p>\n<p><strong>Web Design<\/strong><\/p>\n<ul>\n<li><a href=\"http:\/\/danielajardim.com\/designer_freelancer\/portfolio\/e-mail-marketing-e-newsletter-web-design\/\" data-mce-href=\"..\/portfolio\/e-mail-marketing-e-newsletter-web-design\/\">E-mail marketing e newsletter<\/a><br data-mce-bogus=\"1\"><\/li>\n<li><a href=\"http:\/\/danielajardim.com\/designer_freelancer\/portfolio\/websites-web-design\/\" data-mce-href=\"..\/portfolio\/websites-web-design\/\">Website e blog<\/a><br data-mce-bogus=\"1\"><\/li>\n<li><a href=\"http:\/\/danielajardim.com\/designer_freelancer\/portfolio\/banners-marketing-digital-web-design\/\" data-mce-href=\"..\/portfolio\/banners-marketing-digital-web-design\/\">Banner de internet para sites, lojas virtuais e redes sociais<\/a><\/li>\n<\/ul><\/div>\n<\/p><\/div>\n<p><!-- .dslc-module -->\n\t\t<\/div>\n<\/p><\/div>\n<\/div><\/div>\n<\/div>\n<\/div><\/div>","protected":false},"excerpt":{"rendered":"<p>Conhe\u00e7a abaixo, outros projetos de design gr\u00e1fico, diagrama\u00e7\u00e3o e web design: &nbsp; Design Gr\u00e1fico Design Editorial: cria\u00e7\u00e3o do projeto gr\u00e1fico e diagrama\u00e7\u00e3o de relat\u00f3rio anual, relat\u00f3rio de sustentabilidade (GRI), cartilha, revista e outras publica\u00e7\u00f5es Folder, folheto, panfleto e an\u00fancio Cria\u00e7\u00e3o &hellip; <a href=\"https:\/\/danielajardim.com\/designer_freelancer\/project-view\/folder-e-panfletos\/\">Conte\u00fado<\/a><\/p>\n","protected":false},"author":1,"featured_media":0,"parent":0,"menu_order":0,"comment_status":"closed","ping_status":"open","template":"page-portfolio.php","meta":{"_monsterinsights_skip_tracking":false,"_monsterinsights_sitenote_active":false,"_monsterinsights_sitenote_note":"","_monsterinsights_sitenote_category":0,"footnotes":""},"class_list":["post-2","page","type-page","status-publish","hentry"],"yoast_head":"<!-- This site is optimized with the Yoast SEO plugin v27.2 - https:\/\/yoast.com\/product\/yoast-seo-wordpress\/ -->\n<title>Portf\u00f3lio: Design Gr\u00e1fico e Diagrama\u00e7\u00e3o | 25 anos de experi\u00eancia<\/title>\n<meta name=\"description\" content=\"Design Editorial: cria\u00e7\u00e3o do projeto gr\u00e1fico e diagrama\u00e7\u00e3o para impress\u00e3o e internet: relat\u00f3rios anuais, GRI, cartilhas, apostilas, revistas acad\u00eamicas etc\" \/>\n<meta name=\"robots\" content=\"index, follow, max-snippet:-1, max-image-preview:large, max-video-preview:-1\" \/>\n<link rel=\"canonical\" href=\"https:\/\/danielajardim.com\/designer_freelancer\/portfolio_web_design_grafico\/\" \/>\n<meta property=\"og:locale\" content=\"pt_BR\" \/>\n<meta property=\"og:type\" content=\"article\" \/>\n<meta property=\"og:title\" content=\"Portf\u00f3lio: Design Gr\u00e1fico e Diagrama\u00e7\u00e3o | 25 anos de experi\u00eancia\" \/>\n<meta property=\"og:description\" content=\"Design Editorial: cria\u00e7\u00e3o do projeto gr\u00e1fico e diagrama\u00e7\u00e3o para impress\u00e3o e internet: relat\u00f3rios anuais, GRI, cartilhas, apostilas, revistas acad\u00eamicas etc\" \/>\n<meta property=\"og:url\" content=\"https:\/\/danielajardim.com\/designer_freelancer\/portfolio_web_design_grafico\/\" \/>\n<meta property=\"og:site_name\" content=\"Daniela Jardim &amp; Rene Bueno\" \/>\n<meta property=\"article:modified_time\" content=\"2025-06-15T20:09:23+00:00\" \/>\n<meta name=\"twitter:card\" content=\"summary_large_image\" \/>\n<meta name=\"twitter:label1\" content=\"Est. tempo de leitura\" \/>\n\t<meta name=\"twitter:data1\" content=\"24 minutos\" \/>\n<script type=\"application\/ld+json\" class=\"yoast-schema-graph\">{\"@context\":\"https:\/\/schema.org\",\"@graph\":[{\"@type\":\"WebPage\",\"@id\":\"https:\/\/danielajardim.com\/designer_freelancer\/portfolio_web_design_grafico\/\",\"url\":\"https:\/\/danielajardim.com\/designer_freelancer\/portfolio_web_design_grafico\/\",\"name\":\"Portf\u00f3lio: Design Gr\u00e1fico e Diagrama\u00e7\u00e3o | 25 anos de experi\u00eancia\",\"isPartOf\":{\"@id\":\"https:\/\/danielajardim.com\/designer_freelancer\/#website\"},\"datePublished\":\"2016-02-24T18:28:57+00:00\",\"dateModified\":\"2025-06-15T20:09:23+00:00\",\"description\":\"Design Editorial: cria\u00e7\u00e3o do projeto gr\u00e1fico e diagrama\u00e7\u00e3o para impress\u00e3o e internet: relat\u00f3rios anuais, GRI, cartilhas, apostilas, revistas acad\u00eamicas etc\",\"breadcrumb\":{\"@id\":\"https:\/\/danielajardim.com\/designer_freelancer\/portfolio_web_design_grafico\/#breadcrumb\"},\"inLanguage\":\"pt-BR\",\"potentialAction\":[{\"@type\":\"ReadAction\",\"target\":[\"https:\/\/danielajardim.com\/designer_freelancer\/portfolio_web_design_grafico\/\"]}]},{\"@type\":\"BreadcrumbList\",\"@id\":\"https:\/\/danielajardim.com\/designer_freelancer\/portfolio_web_design_grafico\/#breadcrumb\",\"itemListElement\":[{\"@type\":\"ListItem\",\"position\":1,\"name\":\"Home\",\"item\":\"https:\/\/danielajardim.com\/designer_freelancer\/\"},{\"@type\":\"ListItem\",\"position\":2,\"name\":\"Portf\u00f3lio de Design Gr\u00e1fico, Design Editorial e Diagrama\u00e7\u00e3o\"}]},{\"@type\":\"WebSite\",\"@id\":\"https:\/\/danielajardim.com\/designer_freelancer\/#website\",\"url\":\"https:\/\/danielajardim.com\/designer_freelancer\/\",\"name\":\"Daniela Jardim &amp; Rene Bueno\",\"description\":\"Design Gr\u00e1fico e Diagrama\u00e7\u00e3o Freelancer\",\"potentialAction\":[{\"@type\":\"SearchAction\",\"target\":{\"@type\":\"EntryPoint\",\"urlTemplate\":\"https:\/\/danielajardim.com\/designer_freelancer\/?s={search_term_string}\"},\"query-input\":{\"@type\":\"PropertyValueSpecification\",\"valueRequired\":true,\"valueName\":\"search_term_string\"}}],\"inLanguage\":\"pt-BR\"}]}<\/script>\n<!-- \/ Yoast SEO plugin. -->","yoast_head_json":{"title":"Portf\u00f3lio: Design Gr\u00e1fico e Diagrama\u00e7\u00e3o | 25 anos de experi\u00eancia","description":"Design Editorial: cria\u00e7\u00e3o do projeto gr\u00e1fico e diagrama\u00e7\u00e3o para impress\u00e3o e internet: relat\u00f3rios anuais, GRI, cartilhas, apostilas, revistas acad\u00eamicas etc","robots":{"index":"index","follow":"follow","max-snippet":"max-snippet:-1","max-image-preview":"max-image-preview:large","max-video-preview":"max-video-preview:-1"},"canonical":"https:\/\/danielajardim.com\/designer_freelancer\/portfolio_web_design_grafico\/","og_locale":"pt_BR","og_type":"article","og_title":"Portf\u00f3lio: Design Gr\u00e1fico e Diagrama\u00e7\u00e3o | 25 anos de experi\u00eancia","og_description":"Design Editorial: cria\u00e7\u00e3o do projeto gr\u00e1fico e diagrama\u00e7\u00e3o para impress\u00e3o e internet: relat\u00f3rios anuais, GRI, cartilhas, apostilas, revistas acad\u00eamicas etc","og_url":"https:\/\/danielajardim.com\/designer_freelancer\/portfolio_web_design_grafico\/","og_site_name":"Daniela Jardim &amp; Rene Bueno","article_modified_time":"2025-06-15T20:09:23+00:00","twitter_card":"summary_large_image","twitter_misc":{"Est. tempo de leitura":"24 minutos"},"schema":{"@context":"https:\/\/schema.org","@graph":[{"@type":"WebPage","@id":"https:\/\/danielajardim.com\/designer_freelancer\/portfolio_web_design_grafico\/","url":"https:\/\/danielajardim.com\/designer_freelancer\/portfolio_web_design_grafico\/","name":"Portf\u00f3lio: Design Gr\u00e1fico e Diagrama\u00e7\u00e3o | 25 anos de experi\u00eancia","isPartOf":{"@id":"https:\/\/danielajardim.com\/designer_freelancer\/#website"},"datePublished":"2016-02-24T18:28:57+00:00","dateModified":"2025-06-15T20:09:23+00:00","description":"Design Editorial: cria\u00e7\u00e3o do projeto gr\u00e1fico e diagrama\u00e7\u00e3o para impress\u00e3o e internet: relat\u00f3rios anuais, GRI, cartilhas, apostilas, revistas acad\u00eamicas etc","breadcrumb":{"@id":"https:\/\/danielajardim.com\/designer_freelancer\/portfolio_web_design_grafico\/#breadcrumb"},"inLanguage":"pt-BR","potentialAction":[{"@type":"ReadAction","target":["https:\/\/danielajardim.com\/designer_freelancer\/portfolio_web_design_grafico\/"]}]},{"@type":"BreadcrumbList","@id":"https:\/\/danielajardim.com\/designer_freelancer\/portfolio_web_design_grafico\/#breadcrumb","itemListElement":[{"@type":"ListItem","position":1,"name":"Home","item":"https:\/\/danielajardim.com\/designer_freelancer\/"},{"@type":"ListItem","position":2,"name":"Portf\u00f3lio de Design Gr\u00e1fico, Design Editorial e Diagrama\u00e7\u00e3o"}]},{"@type":"WebSite","@id":"https:\/\/danielajardim.com\/designer_freelancer\/#website","url":"https:\/\/danielajardim.com\/designer_freelancer\/","name":"Daniela Jardim &amp; Rene Bueno","description":"Design Gr\u00e1fico e Diagrama\u00e7\u00e3o Freelancer","potentialAction":[{"@type":"SearchAction","target":{"@type":"EntryPoint","urlTemplate":"https:\/\/danielajardim.com\/designer_freelancer\/?s={search_term_string}"},"query-input":{"@type":"PropertyValueSpecification","valueRequired":true,"valueName":"search_term_string"}}],"inLanguage":"pt-BR"}]}},"_links":{"self":[{"href":"https:\/\/danielajardim.com\/designer_freelancer\/wp-json\/wp\/v2\/pages\/2","targetHints":{"allow":["GET"]}}],"collection":[{"href":"https:\/\/danielajardim.com\/designer_freelancer\/wp-json\/wp\/v2\/pages"}],"about":[{"href":"https:\/\/danielajardim.com\/designer_freelancer\/wp-json\/wp\/v2\/types\/page"}],"author":[{"embeddable":true,"href":"https:\/\/danielajardim.com\/designer_freelancer\/wp-json\/wp\/v2\/users\/1"}],"replies":[{"embeddable":true,"href":"https:\/\/danielajardim.com\/designer_freelancer\/wp-json\/wp\/v2\/comments?post=2"}],"version-history":[{"count":12,"href":"https:\/\/danielajardim.com\/designer_freelancer\/wp-json\/wp\/v2\/pages\/2\/revisions"}],"predecessor-version":[{"id":1378,"href":"https:\/\/danielajardim.com\/designer_freelancer\/wp-json\/wp\/v2\/pages\/2\/revisions\/1378"}],"wp:attachment":[{"href":"https:\/\/danielajardim.com\/designer_freelancer\/wp-json\/wp\/v2\/media?parent=2"}],"curies":[{"name":"wp","href":"https:\/\/api.w.org\/{rel}","templated":true}]}}