{"id":11,"date":"2016-02-24T18:51:43","date_gmt":"2016-02-24T21:51:43","guid":{"rendered":"http:\/\/danielajardim.com\/designer_freelancer\/?page_id=11"},"modified":"2020-05-27T11:09:50","modified_gmt":"2020-05-27T14:09:50","slug":"experiencia-profissional-web-design-grafico","status":"publish","type":"page","link":"https:\/\/danielajardim.com\/designer_freelancer\/experiencia-profissional-web-design-grafico\/","title":{"rendered":"N\u00f3s: designers gr\u00e1ficos h\u00e1 mais de 25 anos"},"content":{"rendered":"<div id=\"dslc-theme-content\"><div id=\"dslc-theme-content-inner\"><div class=\"row\"> <div class=\"col-md-4\">\n<p><img loading=\"lazy\" decoding=\"async\" class=\"aligncenter wp-image-1337 size-full\" title=\"Design gr\u00e1fico e diagrama\u00e7\u00e3o freelancer | Daniela Jardim &amp; Rene Bueno\" src=\"https:\/\/danielajardim.com\/designer_freelancer\/wp-content\/uploads\/2016\/02\/Daniela_Jardim_Rene_Bueno-Designers-Graficos-Diagramadores-Freelancers_2019_1.jpg\" alt=\"Design gr\u00e1fico e diagrama\u00e7\u00e3o freelancer | Daniela Jardim &amp; Rene Bueno\" width=\"556\" height=\"358\" srcset=\"https:\/\/danielajardim.com\/designer_freelancer\/wp-content\/uploads\/2016\/02\/Daniela_Jardim_Rene_Bueno-Designers-Graficos-Diagramadores-Freelancers_2019_1.jpg 556w, https:\/\/danielajardim.com\/designer_freelancer\/wp-content\/uploads\/2016\/02\/Daniela_Jardim_Rene_Bueno-Designers-Graficos-Diagramadores-Freelancers_2019_1-300x193.jpg 300w\" sizes=\"auto, (max-width: 556px) 100vw, 556px\" \/><\/p>\n<h4><\/h4>\n<\/div><div class=\"col-md-8\">\n<h1 style=\"line-height: 50px;\"><em>Somos um casal de designers gr\u00e1ficos e diagramadores freelancers.<br \/>\n<\/em><\/h1>\n<h1 style=\"line-height: 50px; padding-bottom: 20px;\"><em>Unidos por nossas paix\u00f5es pela natureza, culturas e design, nossa parceria como empreendedores criativos j\u00e1 dura mais de 20 anos!\u00a0<\/em><\/h1>\n<h3 style=\"font-size: 27px!important; padding-bottom: 20px;\"><em><strong>Nossa especialidade \u00e9 o <a title=\"Design Editorial e Diagrama\u00e7\u00e3o\" href=\"http:\/\/danielajardim.com\/designer_freelancer\/portfolio\/diagramacao-revistas-jornais-design-grafico\/\">design editorial<\/a>\u00a0e a <a title=\"Diagrama\u00e7\u00e3o freelancer\" href=\"http:\/\/danielajardim.com\/designer_freelancer\/portfolio\/diagramacao-revistas-jornais-design-grafico\/\">diagrama\u00e7\u00e3o<\/a>.<\/strong> Desde 1992, criamos projetos gr\u00e1ficos e fazemos a diagrama\u00e7\u00e3o de\u00a0materiais\u00a0para impress\u00e3o e internet.<\/em><\/h3>\n<h3 style=\"font-size: 27px!important; padding-bottom: 20px;\"><em>Sabemos como \u00e9 <strong>dif\u00edcil encontrar profissionais respons\u00e1veis<\/strong> nessa \u00e1rea, comprometidos com prazos e que prezam pela parceria e pelo bom atendimento.<\/em><\/h3>\n<h3 style=\"font-size: 27px!important; padding-bottom: 20px;\"><em>Se voc\u00ea precisa de cria\u00e7\u00f5es profissionais, com excelente custo-benef\u00edcio e entregues sempre dentro do prazo combinado, <strong><a title=\"Entre em contato conosco\" href=\"http:\/\/danielajardim.com\/designer_freelancer\/contratar_web_design_grafico\/\">entre em contato conosco<\/a><\/strong> e nos fale o que voc\u00ea precisa e espera de n\u00f3s! <\/em><\/h3>\n<h3 style=\"font-size: 27px!important; padding-bottom: 20px;\"><em><strong>Atendemos clientes de todos os portes, do Brasil e do exterior. <\/strong><\/em><\/h3>\n<div class=\"hrule clearfix\"><\/div>\n<h4>DANIELA JARDIM<\/h4>\n<p>Iniciei minha carreira em 1992, trabalhando como freelancer com diagrama\u00e7\u00e3o e design gr\u00e1fico.\u00a0Para agregar uma vis\u00e3o de neg\u00f3cios ao design, cursei Marketing e Vendas pela Universidade Anhembi Morumbi. Assim, procuro sempre criar projetos bonitos, e ao mesmo tempo, focando nos resultados que cada cliente espera alcan\u00e7ar.<br \/>\n<a href=\"https:\/\/www.linkedin.com\/in\/danielajardim\/\" target=\"_blank\" rel=\"noopener noreferrer\"><img loading=\"lazy\" decoding=\"async\" class=\"alignright wp-image-1177 size-full\" title=\"https:\/\/www.linkedin.com\/in\/danielajardim\/\" src=\"https:\/\/danielajardim.com\/designer_freelancer\/wp-content\/uploads\/2016\/02\/linkedin_Daniela_Jardim_designer_grafico_freelancer.gif\" alt=\"https:\/\/www.linkedin.com\/in\/danielajardim\/\" width=\"91\" height=\"22\" \/><\/a><\/p>\n<div class=\"hrule clearfix\"><\/div>\n<h4>RENE BUENO<\/h4>\n<p>Iniciei minha carreira como designer gr\u00e1fico em 1991 me especializando em cria\u00e7\u00e3o de logotipos. Fui palestrante e instrutor de Corel Draw em parceria com a Corel Corporation Canad\u00e1. Hoje me dedico de forma integral como freelancer de cria\u00e7\u00e3o.<\/p>\n<div class=\"hrule clearfix\"><\/div>\n<h3 style=\"font-size: 27px!important; padding-bottom: 20px;\"><em>Mais do que n\u00f3s falarmos de n\u00f3s mesmos, <a href=\"http:\/\/danielajardim.com\/designer_freelancer\/depoimentos-web-design-grafico\/\">veja o que os nossos clientes falam sobre n\u00f3s<\/a> e sobre o nosso trabalho.\u00a0<\/em><\/h3>\n<p><a href=\"https:\/\/danielajardim.com\/designer_freelancer\/depoimentos-web-design-grafico\/\"><img loading=\"lazy\" decoding=\"async\" class=\"aligncenter wp-image-1076 size-full\" title=\"Leia + depoimentos de clientes\" src=\"https:\/\/danielajardim.com\/designer_freelancer\/wp-content\/uploads\/2018\/01\/aspas_depoimentos_clientes_designer_grafico_freelancer.gif\" alt=\"Leia + depoimentos de clientes\" width=\"92\" height=\"92\" \/><\/a><\/p>\n<h4 style=\"font-size: 23px!important; line-height: 35px;\"><em>Para o layout da loja virtual, procurei profissionais que aliassem criatividade, bom gosto e conhecimento t\u00e9cnico. Al\u00e9m de todos esses atributos, a Daniela e o Rene possuem comprometimento e total dedica\u00e7\u00e3o no que fazem. Quando outros setores da empresa come\u00e7aram a requisitar os seus servi\u00e7os e o nosso parceiro de e-commerce elogiou o seu trabalho, fiquei muito feliz de ter conhecido e indicado as pessoas certas!<\/em><\/h4>\n<p style=\"font-size: 15px;\"><strong>CLAUDIA KLEFENS<\/strong><br \/>\nSBT \u2013 e-commerce<\/p>\n<p style=\"font-size: 25px;\"><em><strong><a title=\"Leia + de 30 depoimentos!\" href=\"http:\/\/danielajardim.com\/designer_freelancer\/depoimentos-web-design-grafico\/\">Leia + de 40 depoimentos!<\/a><\/strong><\/em><\/p>\n<\/div><\/div>\n<\/div><\/div>","protected":false},"excerpt":{"rendered":"","protected":false},"author":1,"featured_media":0,"parent":0,"menu_order":0,"comment_status":"closed","ping_status":"closed","template":"page-fullwidth.php","meta":{"_monsterinsights_skip_tracking":false,"_monsterinsights_sitenote_active":false,"_monsterinsights_sitenote_note":"","_monsterinsights_sitenote_category":0,"footnotes":""},"class_list":["post-11","page","type-page","status-publish","hentry"],"yoast_head":"<!-- This site is optimized with the Yoast SEO plugin v27.2 - https:\/\/yoast.com\/product\/yoast-seo-wordpress\/ -->\n<title>Design gr\u00e1fico e diagrama\u00e7\u00e3o freelancer | Daniela Jardim &amp; Rene Bueno<\/title>\n<meta name=\"description\" content=\"H\u00e1 mais de 25 anos nos dedicamos ao design gr\u00e1fico e \u00e0 diagrama\u00e7\u00e3o como freelancers. Somos empres\u00e1rios e emitimos nota fiscal.\" \/>\n<meta name=\"robots\" content=\"index, follow, max-snippet:-1, max-image-preview:large, max-video-preview:-1\" \/>\n<link rel=\"canonical\" href=\"https:\/\/danielajardim.com\/designer_freelancer\/experiencia-profissional-web-design-grafico\/\" \/>\n<meta property=\"og:locale\" content=\"pt_BR\" \/>\n<meta property=\"og:type\" content=\"article\" \/>\n<meta property=\"og:title\" content=\"Design gr\u00e1fico e diagrama\u00e7\u00e3o freelancer | Daniela Jardim &amp; Rene Bueno\" \/>\n<meta property=\"og:description\" content=\"H\u00e1 mais de 25 anos nos dedicamos ao design gr\u00e1fico e \u00e0 diagrama\u00e7\u00e3o como freelancers. Somos empres\u00e1rios e emitimos nota fiscal.\" \/>\n<meta property=\"og:url\" content=\"https:\/\/danielajardim.com\/designer_freelancer\/experiencia-profissional-web-design-grafico\/\" \/>\n<meta property=\"og:site_name\" content=\"Daniela Jardim &amp; Rene Bueno\" \/>\n<meta property=\"article:modified_time\" content=\"2020-05-27T14:09:50+00:00\" \/>\n<meta property=\"og:image\" content=\"https:\/\/danielajardim.com\/designer_freelancer\/wp-content\/uploads\/2016\/02\/Daniela_Jardim_Rene_Bueno-Designers-Graficos-Diagramadores-Freelancers_2019_1.jpg\" \/>\n\t<meta property=\"og:image:width\" content=\"556\" \/>\n\t<meta property=\"og:image:height\" content=\"358\" \/>\n\t<meta property=\"og:image:type\" content=\"image\/jpeg\" \/>\n<meta name=\"twitter:card\" content=\"summary_large_image\" \/>\n<meta name=\"twitter:label1\" content=\"Est. tempo de leitura\" \/>\n\t<meta name=\"twitter:data1\" content=\"2 minutos\" \/>\n<script type=\"application\/ld+json\" class=\"yoast-schema-graph\">{\"@context\":\"https:\/\/schema.org\",\"@graph\":[{\"@type\":\"WebPage\",\"@id\":\"https:\/\/danielajardim.com\/designer_freelancer\/experiencia-profissional-web-design-grafico\/\",\"url\":\"https:\/\/danielajardim.com\/designer_freelancer\/experiencia-profissional-web-design-grafico\/\",\"name\":\"Design gr\u00e1fico e diagrama\u00e7\u00e3o freelancer | Daniela Jardim & Rene Bueno\",\"isPartOf\":{\"@id\":\"https:\/\/danielajardim.com\/designer_freelancer\/#website\"},\"primaryImageOfPage\":{\"@id\":\"https:\/\/danielajardim.com\/designer_freelancer\/experiencia-profissional-web-design-grafico\/#primaryimage\"},\"image\":{\"@id\":\"https:\/\/danielajardim.com\/designer_freelancer\/experiencia-profissional-web-design-grafico\/#primaryimage\"},\"thumbnailUrl\":\"https:\/\/danielajardim.com\/designer_freelancer\/wp-content\/uploads\/2016\/02\/Daniela_Jardim_Rene_Bueno-Designers-Graficos-Diagramadores-Freelancers_2019_1.jpg\",\"datePublished\":\"2016-02-24T21:51:43+00:00\",\"dateModified\":\"2020-05-27T14:09:50+00:00\",\"description\":\"H\u00e1 mais de 25 anos nos dedicamos ao design gr\u00e1fico e \u00e0 diagrama\u00e7\u00e3o como freelancers. Somos empres\u00e1rios e emitimos nota fiscal.\",\"breadcrumb\":{\"@id\":\"https:\/\/danielajardim.com\/designer_freelancer\/experiencia-profissional-web-design-grafico\/#breadcrumb\"},\"inLanguage\":\"pt-BR\",\"potentialAction\":[{\"@type\":\"ReadAction\",\"target\":[\"https:\/\/danielajardim.com\/designer_freelancer\/experiencia-profissional-web-design-grafico\/\"]}]},{\"@type\":\"ImageObject\",\"inLanguage\":\"pt-BR\",\"@id\":\"https:\/\/danielajardim.com\/designer_freelancer\/experiencia-profissional-web-design-grafico\/#primaryimage\",\"url\":\"https:\/\/danielajardim.com\/designer_freelancer\/wp-content\/uploads\/2016\/02\/Daniela_Jardim_Rene_Bueno-Designers-Graficos-Diagramadores-Freelancers_2019_1.jpg\",\"contentUrl\":\"https:\/\/danielajardim.com\/designer_freelancer\/wp-content\/uploads\/2016\/02\/Daniela_Jardim_Rene_Bueno-Designers-Graficos-Diagramadores-Freelancers_2019_1.jpg\",\"width\":556,\"height\":358},{\"@type\":\"BreadcrumbList\",\"@id\":\"https:\/\/danielajardim.com\/designer_freelancer\/experiencia-profissional-web-design-grafico\/#breadcrumb\",\"itemListElement\":[{\"@type\":\"ListItem\",\"position\":1,\"name\":\"Home\",\"item\":\"https:\/\/danielajardim.com\/designer_freelancer\/\"},{\"@type\":\"ListItem\",\"position\":2,\"name\":\"N\u00f3s: designers gr\u00e1ficos h\u00e1 mais de 25 anos\"}]},{\"@type\":\"WebSite\",\"@id\":\"https:\/\/danielajardim.com\/designer_freelancer\/#website\",\"url\":\"https:\/\/danielajardim.com\/designer_freelancer\/\",\"name\":\"Daniela Jardim &amp; Rene Bueno\",\"description\":\"Design Gr\u00e1fico e Diagrama\u00e7\u00e3o Freelancer\",\"potentialAction\":[{\"@type\":\"SearchAction\",\"target\":{\"@type\":\"EntryPoint\",\"urlTemplate\":\"https:\/\/danielajardim.com\/designer_freelancer\/?s={search_term_string}\"},\"query-input\":{\"@type\":\"PropertyValueSpecification\",\"valueRequired\":true,\"valueName\":\"search_term_string\"}}],\"inLanguage\":\"pt-BR\"}]}<\/script>\n<!-- \/ Yoast SEO plugin. -->","yoast_head_json":{"title":"Design gr\u00e1fico e diagrama\u00e7\u00e3o freelancer | Daniela Jardim & Rene Bueno","description":"H\u00e1 mais de 25 anos nos dedicamos ao design gr\u00e1fico e \u00e0 diagrama\u00e7\u00e3o como freelancers. Somos empres\u00e1rios e emitimos nota fiscal.","robots":{"index":"index","follow":"follow","max-snippet":"max-snippet:-1","max-image-preview":"max-image-preview:large","max-video-preview":"max-video-preview:-1"},"canonical":"https:\/\/danielajardim.com\/designer_freelancer\/experiencia-profissional-web-design-grafico\/","og_locale":"pt_BR","og_type":"article","og_title":"Design gr\u00e1fico e diagrama\u00e7\u00e3o freelancer | Daniela Jardim & Rene Bueno","og_description":"H\u00e1 mais de 25 anos nos dedicamos ao design gr\u00e1fico e \u00e0 diagrama\u00e7\u00e3o como freelancers. Somos empres\u00e1rios e emitimos nota fiscal.","og_url":"https:\/\/danielajardim.com\/designer_freelancer\/experiencia-profissional-web-design-grafico\/","og_site_name":"Daniela Jardim &amp; Rene Bueno","article_modified_time":"2020-05-27T14:09:50+00:00","og_image":[{"width":556,"height":358,"url":"https:\/\/danielajardim.com\/designer_freelancer\/wp-content\/uploads\/2016\/02\/Daniela_Jardim_Rene_Bueno-Designers-Graficos-Diagramadores-Freelancers_2019_1.jpg","type":"image\/jpeg"}],"twitter_card":"summary_large_image","twitter_misc":{"Est. tempo de leitura":"2 minutos"},"schema":{"@context":"https:\/\/schema.org","@graph":[{"@type":"WebPage","@id":"https:\/\/danielajardim.com\/designer_freelancer\/experiencia-profissional-web-design-grafico\/","url":"https:\/\/danielajardim.com\/designer_freelancer\/experiencia-profissional-web-design-grafico\/","name":"Design gr\u00e1fico e diagrama\u00e7\u00e3o freelancer | Daniela Jardim & Rene Bueno","isPartOf":{"@id":"https:\/\/danielajardim.com\/designer_freelancer\/#website"},"primaryImageOfPage":{"@id":"https:\/\/danielajardim.com\/designer_freelancer\/experiencia-profissional-web-design-grafico\/#primaryimage"},"image":{"@id":"https:\/\/danielajardim.com\/designer_freelancer\/experiencia-profissional-web-design-grafico\/#primaryimage"},"thumbnailUrl":"https:\/\/danielajardim.com\/designer_freelancer\/wp-content\/uploads\/2016\/02\/Daniela_Jardim_Rene_Bueno-Designers-Graficos-Diagramadores-Freelancers_2019_1.jpg","datePublished":"2016-02-24T21:51:43+00:00","dateModified":"2020-05-27T14:09:50+00:00","description":"H\u00e1 mais de 25 anos nos dedicamos ao design gr\u00e1fico e \u00e0 diagrama\u00e7\u00e3o como freelancers. Somos empres\u00e1rios e emitimos nota fiscal.","breadcrumb":{"@id":"https:\/\/danielajardim.com\/designer_freelancer\/experiencia-profissional-web-design-grafico\/#breadcrumb"},"inLanguage":"pt-BR","potentialAction":[{"@type":"ReadAction","target":["https:\/\/danielajardim.com\/designer_freelancer\/experiencia-profissional-web-design-grafico\/"]}]},{"@type":"ImageObject","inLanguage":"pt-BR","@id":"https:\/\/danielajardim.com\/designer_freelancer\/experiencia-profissional-web-design-grafico\/#primaryimage","url":"https:\/\/danielajardim.com\/designer_freelancer\/wp-content\/uploads\/2016\/02\/Daniela_Jardim_Rene_Bueno-Designers-Graficos-Diagramadores-Freelancers_2019_1.jpg","contentUrl":"https:\/\/danielajardim.com\/designer_freelancer\/wp-content\/uploads\/2016\/02\/Daniela_Jardim_Rene_Bueno-Designers-Graficos-Diagramadores-Freelancers_2019_1.jpg","width":556,"height":358},{"@type":"BreadcrumbList","@id":"https:\/\/danielajardim.com\/designer_freelancer\/experiencia-profissional-web-design-grafico\/#breadcrumb","itemListElement":[{"@type":"ListItem","position":1,"name":"Home","item":"https:\/\/danielajardim.com\/designer_freelancer\/"},{"@type":"ListItem","position":2,"name":"N\u00f3s: designers gr\u00e1ficos h\u00e1 mais de 25 anos"}]},{"@type":"WebSite","@id":"https:\/\/danielajardim.com\/designer_freelancer\/#website","url":"https:\/\/danielajardim.com\/designer_freelancer\/","name":"Daniela Jardim &amp; Rene Bueno","description":"Design Gr\u00e1fico e Diagrama\u00e7\u00e3o Freelancer","potentialAction":[{"@type":"SearchAction","target":{"@type":"EntryPoint","urlTemplate":"https:\/\/danielajardim.com\/designer_freelancer\/?s={search_term_string}"},"query-input":{"@type":"PropertyValueSpecification","valueRequired":true,"valueName":"search_term_string"}}],"inLanguage":"pt-BR"}]}},"_links":{"self":[{"href":"https:\/\/danielajardim.com\/designer_freelancer\/wp-json\/wp\/v2\/pages\/11","targetHints":{"allow":["GET"]}}],"collection":[{"href":"https:\/\/danielajardim.com\/designer_freelancer\/wp-json\/wp\/v2\/pages"}],"about":[{"href":"https:\/\/danielajardim.com\/designer_freelancer\/wp-json\/wp\/v2\/types\/page"}],"author":[{"embeddable":true,"href":"https:\/\/danielajardim.com\/designer_freelancer\/wp-json\/wp\/v2\/users\/1"}],"replies":[{"embeddable":true,"href":"https:\/\/danielajardim.com\/designer_freelancer\/wp-json\/wp\/v2\/comments?post=11"}],"version-history":[{"count":55,"href":"https:\/\/danielajardim.com\/designer_freelancer\/wp-json\/wp\/v2\/pages\/11\/revisions"}],"predecessor-version":[{"id":1376,"href":"https:\/\/danielajardim.com\/designer_freelancer\/wp-json\/wp\/v2\/pages\/11\/revisions\/1376"}],"wp:attachment":[{"href":"https:\/\/danielajardim.com\/designer_freelancer\/wp-json\/wp\/v2\/media?parent=11"}],"curies":[{"name":"wp","href":"https:\/\/api.w.org\/{rel}","templated":true}]}}